{"id":3075,"date":"2023-12-14T14:59:18","date_gmt":"2023-12-14T13:59:18","guid":{"rendered":"https:\/\/congovip.com\/partners-2\/"},"modified":"2024-02-09T10:59:10","modified_gmt":"2024-02-09T09:59:10","slug":"partners-2","status":"publish","type":"page","link":"https:\/\/congovip.com\/fr\/partners-2\/","title":{"rendered":"Partners"},"content":{"rendered":"<section class=\"wpb-content-wrapper\"><p>[vc_section][vc_row css_animation=&#8221;fadeInUp&#8221; el_class=&#8221;centerHeadingRow paddingY100&#8243;][vc_column]<div id=\"ultimate-heading-174769d702300a33f\" class=\"uvc-heading ult-adjust-bottom-margin ultimate-heading-174769d702300a33f uvc-245 headingAndDecription subscription-plan\" data-hspacer=\"no_spacer\"  data-halign=\"center\" style=\"text-align:center\"><div class=\"uvc-heading-spacer no_spacer\" style=\"top\"><\/div><div class=\"uvc-sub-heading ult-responsive\"  data-ultimate-target='.uvc-heading.ultimate-heading-174769d702300a33f .uvc-sub-heading '  data-responsive-json-new='{\"font-size\":\"\",\"line-height\":\"\"}'  style=\"font-weight:normal;\">Veuillez s\u00e9lectionner une cat\u00e9gorie pour trouver des offres list\u00e9es par nos partenaires.<\/div><\/div>[\/vc_column][\/vc_row][\/vc_section][vc_section full_width=&#8221;stretch_row&#8221; el_class=&#8221;blackWave&#8221;][vc_row][vc_column][vc_column_text]<div class=\"partner-categories-list\"><div class=\"partner-category-grid\"><div class=\"category-info\"><p class=\"category-name\">Achats<\/p><a href=\"https:\/\/congovip.com\/fr\/categories\/achats-fr\/\" class=\"view-all-button\">View All<\/a><\/div><img decoding=\"async\" src=\"https:\/\/congovip.com\/wp-content\/uploads\/2024\/03\/Retail-Shopping.png\" alt=\"Achats\"><\/div><div class=\"partner-category-grid\"><div class=\"category-info\"><p class=\"category-name\">Activit\u00e9s<\/p><a href=\"https:\/\/congovip.com\/fr\/categories\/activities-fr\/\" class=\"view-all-button\">View All<\/a><\/div><img decoding=\"async\" src=\"https:\/\/congovip.com\/wp-content\/uploads\/2023\/12\/Mask-group.png\" alt=\"Activit\u00e9s\"><\/div><div class=\"partner-category-grid\"><div class=\"category-info\"><p class=\"category-name\">Automobile<\/p><a href=\"https:\/\/congovip.com\/fr\/categories\/automotive-fr\/\" class=\"view-all-button\">View All<\/a><\/div><img decoding=\"async\" src=\"https:\/\/congovip.com\/wp-content\/uploads\/2023\/12\/Mask-group-1.png\" alt=\"Automobile\"><\/div><div class=\"partner-category-grid\"><div class=\"category-info\"><p class=\"category-name\">Divertissement<\/p><a href=\"https:\/\/congovip.com\/fr\/categories\/divertissement-fr\/\" class=\"view-all-button\">View All<\/a><\/div><img decoding=\"async\" src=\"https:\/\/congovip.com\/wp-content\/uploads\/2024\/03\/Nightclub-Bars-1.png\" alt=\"Divertissement\"><\/div><div class=\"partner-category-grid\"><div class=\"category-info\"><p class=\"category-name\">Mode et v\u00eatements<\/p><a href=\"https:\/\/congovip.com\/fr\/categories\/mode-fr\/\" class=\"view-all-button\">View All<\/a><\/div><img decoding=\"async\" src=\"https:\/\/congovip.com\/wp-content\/uploads\/2024\/03\/Fashion-and-Apparel-e1710626846739.png\" alt=\"Mode et v\u00eatements\"><\/div><div class=\"partner-category-grid\"><div class=\"category-info\"><p class=\"category-name\">Restaurants et caf\u00e9s<\/p><a href=\"https:\/\/congovip.com\/fr\/categories\/restaurants-cafes-fr\/\" class=\"view-all-button\">View All<\/a><\/div><img decoding=\"async\" src=\"https:\/\/congovip.com\/wp-content\/uploads\/2024\/03\/Restaurants-Cafes-e1710627443887.png\" alt=\"Restaurants et caf\u00e9s\"><\/div><div class=\"partner-category-grid\"><div class=\"category-info\"><p class=\"category-name\">Sant\u00e9 et sport<\/p><a href=\"https:\/\/congovip.com\/fr\/categories\/sante\/\" class=\"view-all-button\">View All<\/a><\/div><img decoding=\"async\" src=\"https:\/\/congovip.com\/wp-content\/uploads\/2024\/03\/Health-Lifestyle-1-1.png\" alt=\"Sant\u00e9 et sport\"><\/div><div class=\"partner-category-grid\"><div class=\"category-info\"><p class=\"category-name\">Service<\/p><a href=\"https:\/\/congovip.com\/fr\/categories\/service-fr\/\" class=\"view-all-button\">View All<\/a><\/div><img decoding=\"async\" src=\"https:\/\/congovip.com\/wp-content\/uploads\/2024\/03\/Service.png\" alt=\"Service\"><\/div><div class=\"partner-category-grid\"><div class=\"category-info\"><p class=\"category-name\">Voyage et logement<\/p><a href=\"https:\/\/congovip.com\/fr\/categories\/voyage-logement-vacance\/\" class=\"view-all-button\">View All<\/a><\/div><img decoding=\"async\" src=\"https:\/\/congovip.com\/wp-content\/uploads\/2024\/03\/Travel-Accommodation.png\" alt=\"Voyage et logement\"><\/div><\/div><br \/>\n[\/vc_column_text][\/vc_column][\/vc_row][vc_row css_animation=&#8221;slideInUp&#8221; el_class=&#8221;callToActionBox &#8221; css=&#8221;.vc_custom_1703674319288{background-image: url(https:\/\/congovip.com\/wp-content\/uploads\/2023\/05\/cteBgBlank.png?id=1519) !important;}&#8221;][vc_column][vc_raw_html]PGRpdiBjbGFzcz0iY2FsVG9BY3Rpb25Jbm5lciI+CiAgICA8ZGl2IGNsYXNzPSJyaWdodENvbnRlbnRCb3giPgogICAgICAgIDxoMj4KICBDb25nb1ZJUCBlc3QgZGlzcG9uaWJsZTxicj5wb3VyIGxlcyBhcHBhcmVpbHMgaU9TIGV0IEFuZHJvaWQuCiAgICAgICAgPC9oMj4KICAgICAgICA8cD4KICBEw6l2ZXJyb3VpbGxleiBsZXMgcsOpc2VydmF0aW9ucyBzYW5zIHN0cmVzcywgcHJvZml0ZXogZGVzIHNlcnZpY2VzIFZJUCwgIDxicj5ldCBkw6ljb3V2cmV6IGRlcyBvZmZyZXMgZXQgZGVzIHLDqWR1Y3Rpb25zIGV4Y2x1c2l2ZXMuIE1ldHRleiBlbiB2YWxldXIgdm90cmUgIDxicj7DoCBub3MgbWVtYnJlcyBkJ8OpbGl0ZSwgZW4gY3LDqWFudCBkZXMgbGllbnMgcXVpICA8YnI+ICBkw6l2ZWxvcHBlciB1bmUgY2xpZW50w6hsZSBmaWTDqGxlIGV0IGJpZW4gcGx1cyBlbmNvcmUuIEFtw6lsaW9yZXogdm90cmUgIDxicj4gIGRlIGwnZW50cmVwcmlzZSwgZGUgY2FwdGl2ZXIgbGVzIGNsaWVudHMgZXQgZGUgcmVkw6lmaW5pciBsYSBjb21tb2RpdMOpICA8YnI+ICAtIHRvdXQgZW4gdW4gIQogICAgICAgIDwvcD4KICAgICAgICA8ZGl2IGNsYXNzPSJkb3dubG9hZEFjdGlvbiI+CiAgICAgICAgICAgIDxzdHJvbmc+VMOpbMOpY2hhcmdlciBOb3cgT248L3N0cm9uZz4KICAgICAgICAgICAgPGRpdiBjbGFzcz0iYWN0aW9uQnV0dG9uSWNvbiI+CiAgICAgICAgICAgICAgICA8YSBocmVmPSIjIiB0YXJnZXQ9Il9ibGFuayIgcmVsPSJub29wZW5lciI+PGltZyBzcmM9Imh0dHBzOi8vY29uZ292aXAuY29tL3dwLWNvbnRlbnQvdXBsb2Fkcy8yMDIwLzExL3Njb290ZXJyZW50YWwtZm9vdGVyLWJ0bjEucG5nIiB0YXJnZXQ9Il9ibGFuayI+PC9hPgogICAgICAgIDxhIGhyZWY9IiMiPjxpbWcgc3JjPSJodHRwczovL2NvbmdvdmlwLmNvbS93cC1jb250ZW50L3VwbG9hZHMvMjAyMC8xMS9zY29vdGVycmVudGFsLWZvb3Rlci1idG4yLnBuZyI+PC9hPgogICAgICAgICAgICA8L2Rpdj4KICAgICAgICA8L2Rpdj4KICAgIDwvZGl2Pgo8ZGl2IGNsYXNzPSJyaWdodEltZ0JveCI+IDxpbWcgYWx0PSJBcHBlbCDDoCBsJ2FjdGlvbiIgc3JjPSJodHRwczovL2NvbmdvdmlwLmNvbS93cC1jb250ZW50L3VwbG9hZHMvMjAyMy8wNS9zYWxlc0ltZy5wbmciPjwvZGl2Pgo8L2Rpdj4=[\/vc_raw_html][\/vc_column][\/vc_row][\/vc_section]<\/p>\n<\/section>","protected":false},"excerpt":{"rendered":"<p>[vc_section][vc_row css_animation=&#8221;fadeInUp&#8221; el_class=&#8221;centerHeadingRow paddingY100&#8243;][vc_column][\/vc_column][\/vc_row][\/vc_section][vc_section full_width=&#8221;stretch_row&#8221; el_class=&#8221;blackWave&#8221;][vc_row][vc_column][vc_column_text] [\/vc_column_text][\/vc_column][\/vc_row][vc_row css_animation=&#8221;slideInUp&#8221; el_class=&#8221;callToActionBox &#8221; css=&#8221;.vc_custom_1703674319288{background-image: url(https:\/\/congovip.com\/wp-content\/uploads\/2023\/05\/cteBgBlank.png?id=1519) !important;}&#8221;][vc_column][vc_raw_html]PGRpdiBjbGFzcz0iY2FsVG9BY3Rpb25Jbm5lciI+CiAgICA8ZGl2IGNsYXNzPSJyaWdodENvbnRlbnRCb3giPgogICAgICAgIDxoMj4KICBDb25nb1ZJUCBlc3QgZGlzcG9uaWJsZTxicj5wb3VyIGxlcyBhcHBhcmVpbHMgaU9TIGV0IEFuZHJvaWQuCiAgICAgICAgPC9oMj4KICAgICAgICA8cD4KICBEw6l2ZXJyb3VpbGxleiBsZXMgcsOpc2VydmF0aW9ucyBzYW5zIHN0cmVzcywgcHJvZml0ZXogZGVzIHNlcnZpY2VzIFZJUCwgIDxicj5ldCBkw6ljb3V2cmV6IGRlcyBvZmZyZXMgZXQgZGVzIHLDqWR1Y3Rpb25zIGV4Y2x1c2l2ZXMuIE1ldHRleiBlbiB2YWxldXIgdm90cmUgIDxicj7DoCBub3MgbWVtYnJlcyBkJ8OpbGl0ZSwgZW4gY3LDqWFudCBkZXMgbGllbnMgcXVpICA8YnI+ICBkw6l2ZWxvcHBlciB1bmUgY2xpZW50w6hsZSBmaWTDqGxlIGV0IGJpZW4gcGx1cyBlbmNvcmUuIEFtw6lsaW9yZXogdm90cmUgIDxicj4gIGRlIGwnZW50cmVwcmlzZSwgZGUgY2FwdGl2ZXIgbGVzIGNsaWVudHMgZXQgZGUgcmVkw6lmaW5pciBsYSBjb21tb2RpdMOpICA8YnI+ICAtIHRvdXQgZW4gdW4gIQogICAgICAgIDwvcD4KICAgICAgICA8ZGl2IGNsYXNzPSJkb3dubG9hZEFjdGlvbiI+CiAgICAgICAgICAgIDxzdHJvbmc+VMOpbMOpY2hhcmdlciBOb3cgT248L3N0cm9uZz4KICAgICAgICAgICAgPGRpdiBjbGFzcz0iYWN0aW9uQnV0dG9uSWNvbiI+CiAgICAgICAgICAgICAgICA8YSBocmVmPSIjIiB0YXJnZXQ9Il9ibGFuayIgcmVsPSJub29wZW5lciI+PGltZyBzcmM9Imh0dHBzOi8vY29uZ292aXAuY29tL3dwLWNvbnRlbnQvdXBsb2Fkcy8yMDIwLzExL3Njb290ZXJyZW50YWwtZm9vdGVyLWJ0bjEucG5nIiB0YXJnZXQ9Il9ibGFuayI+PC9hPgogICAgICAgIDxhIGhyZWY9IiMiPjxpbWcgc3JjPSJodHRwczovL2NvbmdvdmlwLmNvbS93cC1jb250ZW50L3VwbG9hZHMvMjAyMC8xMS9zY29vdGVycmVudGFsLWZvb3Rlci1idG4yLnBuZyI+PC9hPgogICAgICAgICAgICA8L2Rpdj4KICAgICAgICA8L2Rpdj4KICAgIDwvZGl2Pgo8ZGl2IGNsYXNzPSJyaWdodEltZ0JveCI+IDxpbWcgYWx0PSJBcHBlbCDDoCBsJ2FjdGlvbiIgc3JjPSJodHRwczovL2NvbmdvdmlwLmNvbS93cC1jb250ZW50L3VwbG9hZHMvMjAyMy8wNS9zYWxlc0ltZy5wbmciPjwvZGl2Pgo8L2Rpdj4=[\/vc_raw_html][\/vc_column][\/vc_row][\/vc_section]<\/p>\n","protected":false},"author":1,"featured_media":0,"parent":0,"menu_order":0,"comment_status":"closed","ping_status":"closed","template":"","meta":{"footnotes":""},"acf":[],"_links":{"self":[{"href":"https:\/\/congovip.com\/fr\/wp-json\/wp\/v2\/pages\/3075"}],"collection":[{"href":"https:\/\/congovip.com\/fr\/wp-json\/wp\/v2\/pages"}],"about":[{"href":"https:\/\/congovip.com\/fr\/wp-json\/wp\/v2\/types\/page"}],"author":[{"embeddable":true,"href":"https:\/\/congovip.com\/fr\/wp-json\/wp\/v2\/users\/1"}],"replies":[{"embeddable":true,"href":"https:\/\/congovip.com\/fr\/wp-json\/wp\/v2\/comments?post=3075"}],"version-history":[{"count":5,"href":"https:\/\/congovip.com\/fr\/wp-json\/wp\/v2\/pages\/3075\/revisions"}],"predecessor-version":[{"id":3080,"href":"https:\/\/congovip.com\/fr\/wp-json\/wp\/v2\/pages\/3075\/revisions\/3080"}],"wp:attachment":[{"href":"https:\/\/congovip.com\/fr\/wp-json\/wp\/v2\/media?parent=3075"}],"curies":[{"name":"wp","href":"https:\/\/api.w.org\/{rel}","templated":true}]}}