{"id":3013,"date":"2023-04-20T11:45:41","date_gmt":"2023-04-20T10:45:41","guid":{"rendered":"https:\/\/congovip.com\/contact-us\/"},"modified":"2024-03-29T06:31:31","modified_gmt":"2024-03-29T05:31:31","slug":"contact-us","status":"publish","type":"page","link":"https:\/\/congovip.com\/fr\/contact-us\/","title":{"rendered":"Contact"},"content":{"rendered":"<section class=\"wpb-content-wrapper\"><p>[vc_section full_width=&#8221;stretch_row&#8221; el_class=&#8221;contactUsPageBox innerpageBg&#8221;][vc_row css_animation=&#8221;fadeInUp&#8221; el_class=&#8221;centerHeadingRow&#8221;][vc_column]<div id=\"ultimate-heading-43096a01e010ec983\" class=\"uvc-heading ult-adjust-bottom-margin ultimate-heading-43096a01e010ec983 uvc-201 headingAndDecription\" data-hspacer=\"no_spacer\"  data-halign=\"center\" style=\"text-align:center\"><div class=\"uvc-heading-spacer no_spacer\" style=\"top\"><\/div><div class=\"uvc-main-heading ult-responsive\"  data-ultimate-target='.uvc-heading.ultimate-heading-43096a01e010ec983 h2'  data-responsive-json-new='{\"font-size\":\"\",\"line-height\":\"\"}' ><h2 style=\"font-weight:normal;\">Contactez CongoVIP aujourd'hui<\/h2><\/div><\/div>[\/vc_column][\/vc_row][vc_row][vc_column css_animation=&#8221;fadeInUp&#8221; width=&#8221;1\/2&#8243; el_class=&#8221;contactLeftBox&#8221;][vc_raw_html]PGRpdiBjbGFzcz0ibWNiLXdyYXAtaW5uZXIiPgogICAgPGRpdiBjbGFzcz0idGl0bGVMYXJnZSI+CiAgICAgICAgPGRpdiBjbGFzcz0ibWNiLWNvbHVtbi1pbm5lciBtY2ItaXRlbS1oZWFkaW5nLWlubmVyIj4KICAgICAgICAgICAgPGgyIGNsYXNzPSJ0aXRsZSI+Q29udGFjdGV6LW5vdXM8L2gyPgogICAgICAgIDwvZGl2PgogICAgPC9kaXY+CiAgICA8ZGl2IGNsYXNzPSJjb2x1bW4gbWNiLWNvbHVtbiBjb250YWN0RGV0YWlsQm94Ij4KICAgICAgICA8ZGl2IGNsYXNzPSJtY2ItY29sdW1uLWlubmVyIG1jYi1pdGVtLWljb25fYm94LWlubmVyIj4KICAgICAgICAgICAgPGRpdiBjbGFzcz0iaWNvbl9ib3ggaWNvbl9wb3NpdGlvbl9sZWZ0IG5vX2JvcmRlciI+CiAgICAgICAgICAgICAgICA8ZGl2IGNsYXNzPSJpY29uX3dyYXBwZXIiPgogICAgICAgICAgICAgICAgICAgIDxkaXYgY2xhc3M9Imljb24iPjxpIGNsYXNzPSJpY29uLWxvY2F0aW9uLWxpbmUiIGFyaWEtaGlkZGVuPSJ0cnVlIj48L2k+PC9kaXY+CiAgICAgICAgICAgICAgICA8L2Rpdj4KICAgICAgICAgICAgICAgIDxkaXYgY2xhc3M9ImRlc2Nfd3JhcHBlciI+CiAgICAgICAgICAgICAgICAgICAgPGg0IGNsYXNzPSJ0aXRsZSI+TG9jYWxpc2F0aW9uPC9oND4KICAgICAgICAgICAgICAgICAgICA8ZGl2IGNsYXNzPSJkZXNjIj5Sw6lwdWJsaXF1ZSBkw6ltb2NyYXRpcXVlIGR1IENvbmdvLCBBZnJpcXVlLjwvZGl2PgogICAgICAgICAgICAgICAgPC9kaXY+CiAgICAgICAgICAgIDwvZGl2PgogICAgICAgIDwvZGl2PgogICAgPC9kaXY+CiAgICA8ZGl2IGNsYXNzPSJjb2x1bW4gbWNiLWNvbHVtbiBjb250YWN0RGV0YWlsQm94Ij4KICAgICAgICA8ZGl2IGNsYXNzPSJtY2ItY29sdW1uLWlubmVyIG1jYi1pdGVtLWljb25fYm94LWlubmVyIj4KICAgICAgICAgICAgPGRpdiBjbGFzcz0iaWNvbl9ib3ggaWNvbl9wb3NpdGlvbl9sZWZ0IG5vX2JvcmRlciI+CiAgICAgICAgICAgICAgICA8ZGl2IGNsYXNzPSJpY29uX3dyYXBwZXIiPgogICAgICAgICAgICAgICAgICAgIDxkaXYgY2xhc3M9Imljb24iPjxpIGNsYXNzPSJmYXMgZmEtcGhvbmUtYWx0IiBhcmlhLWhpZGRlbj0idHJ1ZSI+PC9pPjwvZGl2PgogICAgICAgICAgICAgICAgPC9kaXY+CiAgICAgICAgICAgICAgICA8ZGl2IGNsYXNzPSJkZXNjX3dyYXBwZXIiPgogICAgICAgICAgICAgICAgICAgIDxoNCBjbGFzcz0idGl0bGUiPlNlcnZpY2UgY2xpZW50w6hsZTwvaDQ+CiAgICAgICAgICAgICAgICAgICAgPGRpdiBjbGFzcz0iZGVzYyI+CiAgICAgICAgICAgICAgICAgICAgICAgIDxhIGhyZWY9InRlbDorMjQzODM0NzAwODQ3Ij4rMjQzLTgzNC03MDAtVklQPC9hPiAKICAgICAgICAgICAgICAgICAgICAgICAgPHNwYW4+LDwvc3Bhbj4gCiAgICAgICAgICAgICAgICAgICAgICAgIDxhIGhyZWY9InRlbDorMjQzODM0NzAwODQ3Ij4rMjQzLTgzNC03MDAtODQ3PC9hPjwvZGl2PgogICAgICAgICAgICAgICAgPC9kaXY+CiAgICAgICAgICAgIDwvZGl2PgogICAgICAgIDwvZGl2PgogICAgPC9kaXY+CiAgICA8ZGl2IGNsYXNzPSJjb2x1bW4gbWNiLWNvbHVtbiBjb250YWN0RGV0YWlsQm94Ij4KICAgICAgICA8ZGl2IGNsYXNzPSJtY2ItY29sdW1uLWlubmVyIG1jYi1jb2x1bW4taW5uZXItMDBmNTg1ZDIzIG1jYi1pdGVtLWljb25fYm94LWlubmVyIj4KICAgICAgICAgICAgPGRpdiBjbGFzcz0iaWNvbl9ib3ggaWNvbl9wb3NpdGlvbl9sZWZ0IG5vX2JvcmRlciI+CiAgICAgICAgICAgICAgICA8ZGl2IGNsYXNzPSJpY29uX3dyYXBwZXIiPgogICAgICAgICAgICAgICAgICAgIDxkaXYgY2xhc3M9Imljb24iPjxpIGNsYXNzPSJmYXIgZmEtZW52ZWxvcGUiIGFyaWEtaGlkZGVuPSJ0cnVlIj48L2k+PC9kaXY+CiAgICAgICAgICAgICAgICA8L2Rpdj4KICAgICAgICAgICAgICAgIDxkaXYgY2xhc3M9ImRlc2Nfd3JhcHBlciI+CiAgICAgICAgICAgICAgICAgICAgPGg0IGNsYXNzPSJ0aXRsZSI+U2VydmljZSBjbGllbnTDqGxlPC9oND4KICAgICAgICAgICAgICAgICAgICA8ZGl2IGNsYXNzPSJkZXNjIj4KICAgICAgICAgICAgICAgICAgICAgICAgPGEgaHJlZj0ibWFpbHRvOmluZm9AY29uZ292aXAuY29tIj5pbmZvQGNvbmdvdmlwLmNvbTwvYT4KICAgICAgICAgICAgICAgICAgICA8L2Rpdj4KICAgICAgICAgICAgICAgIDwvZGl2PgogICAgICAgICAgICA8L2Rpdj4KICAgICAgICA8L2Rpdj4KICAgIDwvZGl2PgogICAgPGRpdiBjbGFzcz0iY29sdW1uIG1jYi1jb2x1bW4gY29udGFjdERldGFpbEJveCI+CiAgICAgICAgPGRpdiBjbGFzcz0ibWNiLWNvbHVtbi1pbm5lciBtY2ItY29sdW1uLWlubmVyLTIxM2UzZjA5MSBtY2ItaXRlbS1pY29uX2JveC1pbm5lciI+CiAgICAgICAgICAgIDxkaXYgY2xhc3M9Imljb25fYm94IGljb25fcG9zaXRpb25fbGVmdCBub19ib3JkZXIiPgogICAgICAgICAgICAgICAgPGRpdiBjbGFzcz0iaWNvbl93cmFwcGVyIj4KICAgICAgICAgICAgICAgICAgICA8ZGl2IGNsYXNzPSJpY29uIj48aSBjbGFzcz0iZmFzIGZhLWV4Y2xhbWF0aW9uLXRyaWFuZ2xlIiBhcmlhLWhpZGRlbj0idHJ1ZSI+PC9pPjwvZGl2PgogICAgICAgICAgICAgICAgPC9kaXY+CiAgICAgICAgICAgICAgICA8ZGl2IGNsYXNzPSJkZXNjX3dyYXBwZXIiPgogICAgICAgICAgICAgICAgICAgIDxoNCBjbGFzcz0idGl0bGUiPkVudm95ZXotbm91cyB1biBjb3VycmllbCBlbiBjYXMgZGU8L2g0PgogICAgICAgICAgICAgICAgICAgIDxkaXYgY2xhc3M9ImRlc2MiPgogICAgICAgICAgICAgICAgICAgICAgICA8dWw+CiAgICAgICAgICAgICAgICAgICAgICAgICAgICA8bGk+RXhpZ2VuY2VzIHBhcnRpY3VsacOocmVzLjwvbGk+CiAgICAgICAgICAgICAgICAgICAgICAgICAgICA8bGk+RW4gc2F2b2lyIHBsdXMgc3VyIENvbmdvVklQLjwvbGk+CiAgICAgICAgICAgICAgICAgICAgICAgICAgICA8bGk+SW5zY3JpdmV6IHZvdHJlIGVudHJlcHJpc2Ugc3VyIG5vdHJlIGFwcGxpY2F0aW9uLjwvbGk+CiAgICAgICAgICAgICAgICAgICAgICAgICAgICA8bGk+RmFpcmUgZGUgbGEgcHVibGljaXTDqSBzdXIgbm90cmUgYXBwbGljYXRpb24uPC9saT4KICAgICAgICAgICAgICAgICAgICAgICAgICAgIDxsaT5Ub3V0ZSBxdWVzdGlvbiBzdXBwbMOpbWVudGFpcmUuPC9saT4KICAgICAgICAgICAgICAgICAgICAgICAgPC91bD4KICAgICAgICAgICAgICAgICAgICA8L2Rpdj4KICAgICAgICAgICAgICAgIDwvZGl2PgogICAgICAgICAgICA8L2Rpdj4KICAgICAgICA8L2Rpdj4KICAgIDwvZGl2Pgo8L2Rpdj4K[\/vc_raw_html][\/vc_column][vc_column css_animation=&#8221;fadeInUp&#8221; width=&#8221;1\/2&#8243; el_class=&#8221;contactRightBox&#8221;][vc_custom_heading text=&#8221;Contactez-nous&#8221; use_theme_fonts=&#8221;yes&#8221; el_class=&#8221;titleLarge&#8221;]\n<div class=\"wpcf7 no-js\" id=\"wpcf7-f3037-o1\" lang=\"fr-FR\" dir=\"ltr\">\n<div class=\"screen-reader-response\"><p role=\"status\" aria-live=\"polite\" aria-atomic=\"true\"><\/p> <ul><\/ul><\/div>\n<form action=\"\/fr\/wp-json\/wp\/v2\/pages\/3013#wpcf7-f3037-o1\" method=\"post\" class=\"wpcf7-form init\" aria-label=\"Formulaire de contact\" novalidate=\"novalidate\" data-status=\"init\">\n<div style=\"display: none;\">\n<input type=\"hidden\" name=\"_wpcf7\" value=\"3037\" \/>\n<input type=\"hidden\" name=\"_wpcf7_version\" value=\"5.8.5\" \/>\n<input type=\"hidden\" name=\"_wpcf7_locale\" value=\"fr_FR\" \/>\n<input type=\"hidden\" name=\"_wpcf7_unit_tag\" value=\"wpcf7-f3037-o1\" \/>\n<input type=\"hidden\" name=\"_wpcf7_container_post\" value=\"0\" \/>\n<input type=\"hidden\" name=\"_wpcf7_posted_data_hash\" value=\"\" \/>\n<\/div>\n<div class=\"contactForm\">\n\t<div class=\"row\">\n\t\t<div class=\"col-md-6\">\n\t\t\t<p><span class=\"wpcf7-form-control-wrap\" data-name=\"your-name\"><input size=\"40\" class=\"wpcf7-form-control wpcf7-text wpcf7-validates-as-required\" aria-required=\"true\" aria-invalid=\"false\" placeholder=\"Votre nom\" value=\"\" type=\"text\" name=\"your-name\" \/><\/span>\n\t\t\t<\/p>\n\t\t<\/div>\n\t\t<div class=\"col-md-6\">\n\t\t\t<p><span class=\"wpcf7-form-control-wrap\" data-name=\"email-address\"><input size=\"40\" class=\"wpcf7-form-control wpcf7-email wpcf7-validates-as-required wpcf7-text wpcf7-validates-as-email\" aria-required=\"true\" aria-invalid=\"false\" placeholder=\"Adresse \u00e9lectronique\" value=\"\" type=\"email\" name=\"email-address\" \/><\/span>\n\t\t\t<\/p>\n\t\t<\/div>\n\t\t<div class=\"col-md-6\">\n\t\t\t<p><span class=\"wpcf7-form-control-wrap\" data-name=\"tel-no\"><input size=\"40\" class=\"wpcf7-form-control wpcf7-tel wpcf7-validates-as-required wpcf7-text wpcf7-validates-as-tel\" aria-required=\"true\" aria-invalid=\"false\" placeholder=\"Num\u00e9ro de t\u00e9l\u00e9phone\" value=\"\" type=\"tel\" name=\"tel-no\" \/><\/span>\n\t\t\t<\/p>\n\t\t<\/div>\n\t\t<div class=\"col-md-6\">\n\t\t\t<p><span class=\"wpcf7-form-control-wrap\" data-name=\"text-45\"><input size=\"40\" class=\"wpcf7-form-control wpcf7-text wpcf7-validates-as-required\" aria-required=\"true\" aria-invalid=\"false\" placeholder=\"Sujet\" value=\"\" type=\"text\" name=\"text-45\" \/><\/span>\n\t\t\t<\/p>\n\t\t<\/div>\n\t<\/div>\n\t<div class=\"row\">\n\t\t<div class=\"col-md-12 textareaBox\">\n\t\t\t<p><span class=\"wpcf7-form-control-wrap\" data-name=\"textarea-521\"><textarea cols=\"40\" rows=\"10\" class=\"wpcf7-form-control wpcf7-textarea wpcf7-validates-as-required\" aria-required=\"true\" aria-invalid=\"false\" placeholder=\"Message\" name=\"textarea-521\"><\/textarea><\/span>\n\t\t\t<\/p>\n\t\t<\/div>\n\t\t<div class=\"col-md-12 submitBtn cataBlackOrangeFillBtn\">\n\t\t\t<p><a><input class=\"wpcf7-form-control wpcf7-submit has-spinner\" type=\"submit\" value=\"Envoyer le message\" \/><\/a>\n\t\t\t<\/p>\n\t\t<\/div>\n\t<\/div>\n<\/div><div class=\"wpcf7-response-output\" aria-hidden=\"true\"><\/div>\n<\/form>\n<\/div>\n[\/vc_column][\/vc_row][\/vc_section][vc_row css_animation=&#8221;slideInUp&#8221; el_class=&#8221;callToActionBox&#8221; css=&#8221;.vc_custom_1703745337249{background-image: url(https:\/\/congovip.com\/wp-content\/uploads\/2023\/05\/cteBgBlank.png?id=1519) !important;}&#8221;][vc_column][vc_raw_html]JTNDZGl2JTIwY2xhc3MlM0QlMjJjYWxUb0FjdGlvbklubmVyJTIyJTNFJTBBJTIwJTIwJTIwJTIwJTNDZGl2JTIwY2xhc3MlM0QlMjJyaWdodENvbnRlbnRCb3glMjIlM0UlMEElMjAlMjAlMjAlMjAlMjAlMjAlMjAlMjAlM0NoMiUzRSUwQSUyMCUyMENvbmdvVklQJTIwZXN0JTIwZGlzcG9uaWJsZSUzQ2JyJTNFJTIwcG91ciUyMGxlcyUyMGFwcGFyZWlscyUyMGlPUyUyMGV0JTIwQW5kcm9pZC4lMEElMjAlMjAlMjAlMjAlMjAlMjAlMjAlMjAlM0MlMkZoMiUzRSUwQSUyMCUyMCUyMCUyMCUyMCUyMCUyMCUyMCUzQ3AlM0UlMEElMjAlMjBEJUMzJUE5dmVycm91aWxsZXolMjBsZXMlMjByJUMzJUE5c2VydmF0aW9ucyUyMHNhbnMlMjBzdHJlc3MlMkMlMjBwcm9maXRleiUyMGRlcyUyMHNlcnZpY2VzJTIwVklQJTJDJTIwJTIwJTNDYnIlM0VldCUyMGQlQzMlQTljb3V2cmV6JTIwZGVzJTIwb2ZmcmVzJTIwZXQlMjBkZXMlMjByJUMzJUE5ZHVjdGlvbnMlMjBleGNsdXNpdmVzLiUyME1ldHRleiUyMGVuJTIwdmFsZXVyJTIwdm90cmUlMjAlMjAlM0NiciUzRSVDMyVBMCUyMG5vcyUyMG1lbWJyZXMlMjBkJTI3JUMzJUE5bGl0ZSUyQyUyMGVuJTIwY3IlQzMlQTlhbnQlMjBkZXMlMjBsaWVucyUyMHF1aSUyMCUyMCUzQ2JyJTNFJTIwJTIwZCVDMyVBOXZlbG9wcGVyJTIwdW5lJTIwY2xpZW50JUMzJUE4bGUlMjBmaWQlQzMlQThsZSUyMGV0JTIwYmllbiUyMHBsdXMlMjBlbmNvcmUuJTIwQW0lQzMlQTlsaW9yZXolMjB2b3RyZSUyMCUyMCUzQ2JyJTNFJTIwJTIwZGUlMjBsJTI3ZW50cmVwcmlzZSUyQyUyMGRlJTIwY2FwdGl2ZXIlMjBsZXMlMjBjbGllbnRzJTIwZXQlMjBkZSUyMHJlZCVDMyVBOWZpbmlyJTIwbGElMjBjb21tb2RpdCVDMyVBOSUyMCUyMCUzQ2JyJTNFJTIwJTIwLSUyMHRvdXQlMjBlbiUyMHVuJTIwJTIxJTBBJTIwJTIwJTIwJTIwJTIwJTIwJTIwJTIwJTNDJTJGcCUzRSUwQSUyMCUyMCUyMCUyMCUyMCUyMCUyMCUyMCUzQ2RpdiUyMGNsYXNzJTNEJTIyZG93bmxvYWRBY3Rpb24lMjIlM0UlMEElMjAlMjAlMjAlMjAlMjAlMjAlMjAlMjAlMjAlMjAlMjAlMjAlM0NzdHJvbmclM0VUJUMzJUE5bCVDMyVBOWNoYXJnZXolMjBtYWludGVuYW50JTIwc3VyJTNDJTJGc3Ryb25nJTNFJTBBJTIwJTIwJTIwJTIwJTIwJTIwJTIwJTIwJTIwJTIwJTIwJTIwJTNDZGl2JTIwY2xhc3MlM0QlMjJhY3Rpb25CdXR0b25JY29uJTIyJTNFJTBBJTIwJTIwJTIwJTIwJTIwJTIwJTIwJTIwJTIwJTIwJTIwJTIwJTIwJTIwJTIwJTIwJTNDYSUyMGhyZWYlM0QlMjIlMjMlMjIlMjB0YXJnZXQlM0QlMjJfYmxhbmslMjIlMjByZWwlM0QlMjJub29wZW5lciUyMiUzRSUzQ2ltZyUyMHNyYyUzRCUyMmh0dHBzJTNBJTJGJTJGY29uZ292aXAuY29tJTJGd3AtY29udGVudCUyRnVwbG9hZHMlMkYyMDIwJTJGMTElMkZzY29vdGVycmVudGFsLWZvb3Rlci1idG4xLnBuZyUyMiUyMHRhcmdldCUzRCUyMl9ibGFuayUyMiUzRSUzQyUyRmElM0UlMEElMjAlMjAlMjAlMjAlMjAlMjAlMjAlMjAlM0NhJTIwaHJlZiUzRCUyMiUyMyUyMiUzRSUzQ2ltZyUyMHNyYyUzRCUyMmh0dHBzJTNBJTJGJTJGY29uZ292aXAuY29tJTJGd3AtY29udGVudCUyRnVwbG9hZHMlMkYyMDIwJTJGMTElMkZzY29vdGVycmVudGFsLWZvb3Rlci1idG4yLnBuZyUyMiUzRSUzQyUyRmElM0UlMEElMjAlMjAlMjAlMjAlMjAlMjAlMjAlMjAlMjAlMjAlMjAlMjAlM0MlMkZkaXYlM0UlMEElMjAlMjAlMjAlMjAlMjAlMjAlMjAlMjAlM0MlMkZkaXYlM0UlMEElMjAlMjAlMjAlMjAlM0MlMkZkaXYlM0UlMEElM0NkaXYlMjBjbGFzcyUzRCUyMnJpZ2h0SW1nQm94JTIyJTNFJTIwJTNDaW1nJTIwYWx0JTNEJTIyQXBwZWwlMjAlQzMlQTAlMjBsJTI3YWN0aW9uJTIyJTIwc3JjJTNEJTIyaHR0cHMlM0ElMkYlMkZjb25nb3ZpcC5jb20lMkZ3cC1jb250ZW50JTJGdXBsb2FkcyUyRjIwMjMlMkYwNSUyRnNhbGVzSW1nLnBuZyUyMiUzRSUzQyUyRmRpdiUzRSUwQSUzQyUyRmRpdiUzRQ==[\/vc_raw_html][\/vc_column][\/vc_row]<\/p>\n<\/section>","protected":false},"excerpt":{"rendered":"<p>[vc_section full_width=&#8221;stretch_row&#8221; el_class=&#8221;contactUsPageBox innerpageBg&#8221;][vc_row css_animation=&#8221;fadeInUp&#8221; el_class=&#8221;centerHeadingRow&#8221;][vc_column][\/vc_column][\/vc_row][vc_row][vc_column css_animation=&#8221;fadeInUp&#8221; width=&#8221;1\/2&#8243; el_class=&#8221;contactLeftBox&#8221;][vc_raw_html]PGRpdiBjbGFzcz0ibWNiLXdyYXAtaW5uZXIiPgogICAgPGRpdiBjbGFzcz0idGl0bGVMYXJnZSI+CiAgICAgICAgPGRpdiBjbGFzcz0ibWNiLWNvbHVtbi1pbm5lciBtY2ItaXRlbS1oZWFkaW5nLWlubmVyIj4KICAgICAgICAgICAgPGgyIGNsYXNzPSJ0aXRsZSI+Q29udGFjdGV6LW5vdXM8L2gyPgogICAgICAgIDwvZGl2PgogICAgPC9kaXY+CiAgICA8ZGl2IGNsYXNzPSJjb2x1bW4gbWNiLWNvbHVtbiBjb250YWN0RGV0YWlsQm94Ij4KICAgICAgICA8ZGl2IGNsYXNzPSJtY2ItY29sdW1uLWlubmVyIG1jYi1pdGVtLWljb25fYm94LWlubmVyIj4KICAgICAgICAgICAgPGRpdiBjbGFzcz0iaWNvbl9ib3ggaWNvbl9wb3NpdGlvbl9sZWZ0IG5vX2JvcmRlciI+CiAgICAgICAgICAgICAgICA8ZGl2IGNsYXNzPSJpY29uX3dyYXBwZXIiPgogICAgICAgICAgICAgICAgICAgIDxkaXYgY2xhc3M9Imljb24iPjxpIGNsYXNzPSJpY29uLWxvY2F0aW9uLWxpbmUiIGFyaWEtaGlkZGVuPSJ0cnVlIj48L2k+PC9kaXY+CiAgICAgICAgICAgICAgICA8L2Rpdj4KICAgICAgICAgICAgICAgIDxkaXYgY2xhc3M9ImRlc2Nfd3JhcHBlciI+CiAgICAgICAgICAgICAgICAgICAgPGg0IGNsYXNzPSJ0aXRsZSI+TG9jYWxpc2F0aW9uPC9oND4KICAgICAgICAgICAgICAgICAgICA8ZGl2IGNsYXNzPSJkZXNjIj5Sw6lwdWJsaXF1ZSBkw6ltb2NyYXRpcXVlIGR1IENvbmdvLCBBZnJpcXVlLjwvZGl2PgogICAgICAgICAgICAgICAgPC9kaXY+CiAgICAgICAgICAgIDwvZGl2PgogICAgICAgIDwvZGl2PgogICAgPC9kaXY+CiAgICA8ZGl2IGNsYXNzPSJjb2x1bW4gbWNiLWNvbHVtbiBjb250YWN0RGV0YWlsQm94Ij4KICAgICAgICA8ZGl2IGNsYXNzPSJtY2ItY29sdW1uLWlubmVyIG1jYi1pdGVtLWljb25fYm94LWlubmVyIj4KICAgICAgICAgICAgPGRpdiBjbGFzcz0iaWNvbl9ib3ggaWNvbl9wb3NpdGlvbl9sZWZ0IG5vX2JvcmRlciI+CiAgICAgICAgICAgICAgICA8ZGl2IGNsYXNzPSJpY29uX3dyYXBwZXIiPgogICAgICAgICAgICAgICAgICAgIDxkaXYgY2xhc3M9Imljb24iPjxpIGNsYXNzPSJmYXMgZmEtcGhvbmUtYWx0IiBhcmlhLWhpZGRlbj0idHJ1ZSI+PC9pPjwvZGl2PgogICAgICAgICAgICAgICAgPC9kaXY+CiAgICAgICAgICAgICAgICA8ZGl2IGNsYXNzPSJkZXNjX3dyYXBwZXIiPgogICAgICAgICAgICAgICAgICAgIDxoNCBjbGFzcz0idGl0bGUiPlNlcnZpY2UgY2xpZW50w6hsZTwvaDQ+CiAgICAgICAgICAgICAgICAgICAgPGRpdiBjbGFzcz0iZGVzYyI+CiAgICAgICAgICAgICAgICAgICAgICAgIDxhIGhyZWY9InRlbDorMjQzODM0NzAwODQ3Ij4rMjQzLTgzNC03MDAtVklQPC9hPiAKICAgICAgICAgICAgICAgICAgICAgICAgPHNwYW4+LDwvc3Bhbj4gCiAgICAgICAgICAgICAgICAgICAgICAgIDxhIGhyZWY9InRlbDorMjQzODM0NzAwODQ3Ij4rMjQzLTgzNC03MDAtODQ3PC9hPjwvZGl2PgogICAgICAgICAgICAgICAgPC9kaXY+CiAgICAgICAgICAgIDwvZGl2PgogICAgICAgIDwvZGl2PgogICAgPC9kaXY+CiAgICA8ZGl2IGNsYXNzPSJjb2x1bW4gbWNiLWNvbHVtbiBjb250YWN0RGV0YWlsQm94Ij4KICAgICAgICA8ZGl2IGNsYXNzPSJtY2ItY29sdW1uLWlubmVyIG1jYi1jb2x1bW4taW5uZXItMDBmNTg1ZDIzIG1jYi1pdGVtLWljb25fYm94LWlubmVyIj4KICAgICAgICAgICAgPGRpdiBjbGFzcz0iaWNvbl9ib3ggaWNvbl9wb3NpdGlvbl9sZWZ0IG5vX2JvcmRlciI+CiAgICAgICAgICAgICAgICA8ZGl2IGNsYXNzPSJpY29uX3dyYXBwZXIiPgogICAgICAgICAgICAgICAgICAgIDxkaXYgY2xhc3M9Imljb24iPjxpIGNsYXNzPSJmYXIgZmEtZW52ZWxvcGUiIGFyaWEtaGlkZGVuPSJ0cnVlIj48L2k+PC9kaXY+CiAgICAgICAgICAgICAgICA8L2Rpdj4KICAgICAgICAgICAgICAgIDxkaXYgY2xhc3M9ImRlc2Nfd3JhcHBlciI+CiAgICAgICAgICAgICAgICAgICAgPGg0IGNsYXNzPSJ0aXRsZSI+U2VydmljZSBjbGllbnTDqGxlPC9oND4KICAgICAgICAgICAgICAgICAgICA8ZGl2IGNsYXNzPSJkZXNjIj4KICAgICAgICAgICAgICAgICAgICAgICAgPGEgaHJlZj0ibWFpbHRvOmluZm9AY29uZ292aXAuY29tIj5pbmZvQGNvbmdvdmlwLmNvbTwvYT4KICAgICAgICAgICAgICAgICAgICA8L2Rpdj4KICAgICAgICAgICAgICAgIDwvZGl2PgogICAgICAgICAgICA8L2Rpdj4KICAgICAgICA8L2Rpdj4KICAgIDwvZGl2PgogICAgPGRpdiBjbGFzcz0iY29sdW1uIG1jYi1jb2x1bW4gY29udGFjdERldGFpbEJveCI+CiAgICAgICAgPGRpdiBjbGFzcz0ibWNiLWNvbHVtbi1pbm5lciBtY2ItY29sdW1uLWlubmVyLTIxM2UzZjA5MSBtY2ItaXRlbS1pY29uX2JveC1pbm5lciI+CiAgICAgICAgICAgIDxkaXYgY2xhc3M9Imljb25fYm94IGljb25fcG9zaXRpb25fbGVmdCBub19ib3JkZXIiPgogICAgICAgICAgICAgICAgPGRpdiBjbGFzcz0iaWNvbl93cmFwcGVyIj4KICAgICAgICAgICAgICAgICAgICA8ZGl2IGNsYXNzPSJpY29uIj48aSBjbGFzcz0iZmFzIGZhLWV4Y2xhbWF0aW9uLXRyaWFuZ2xlIiBhcmlhLWhpZGRlbj0idHJ1ZSI+PC9pPjwvZGl2PgogICAgICAgICAgICAgICAgPC9kaXY+CiAgICAgICAgICAgICAgICA8ZGl2IGNsYXNzPSJkZXNjX3dyYXBwZXIiPgogICAgICAgICAgICAgICAgICAgIDxoNCBjbGFzcz0idGl0bGUiPkVudm95ZXotbm91cyB1biBjb3VycmllbCBlbiBjYXMgZGU8L2g0PgogICAgICAgICAgICAgICAgICAgIDxkaXYgY2xhc3M9ImRlc2MiPgogICAgICAgICAgICAgICAgICAgICAgICA8dWw+CiAgICAgICAgICAgICAgICAgICAgICAgICAgICA8bGk+RXhpZ2VuY2VzIHBhcnRpY3VsacOocmVzLjwvbGk+CiAgICAgICAgICAgICAgICAgICAgICAgICAgICA8bGk+RW4gc2F2b2lyIHBsdXMgc3VyIENvbmdvVklQLjwvbGk+CiAgICAgICAgICAgICAgICAgICAgICAgICAgICA8bGk+SW5zY3JpdmV6IHZvdHJlIGVudHJlcHJpc2Ugc3VyIG5vdHJlIGFwcGxpY2F0aW9uLjwvbGk+CiAgICAgICAgICAgICAgICAgICAgICAgICAgICA8bGk+RmFpcmUgZGUgbGEgcHVibGljaXTDqSBzdXIgbm90cmUgYXBwbGljYXRpb24uPC9saT4KICAgICAgICAgICAgICAgICAgICAgICAgICAgIDxsaT5Ub3V0ZSBxdWVzdGlvbiBzdXBwbMOpbWVudGFpcmUuPC9saT4KICAgICAgICAgICAgICAgICAgICAgICAgPC91bD4KICAgICAgICAgICAgICAgICAgICA8L2Rpdj4KICAgICAgICAgICAgICAgIDwvZGl2PgogICAgICAgICAgICA8L2Rpdj4KICAgICAgICA8L2Rpdj4KICAgIDwvZGl2Pgo8L2Rpdj4K[\/vc_raw_html][\/vc_column][vc_column css_animation=&#8221;fadeInUp&#8221; width=&#8221;1\/2&#8243; el_class=&#8221;contactRightBox&#8221;][vc_custom_heading text=&#8221;Contactez-nous&#8221; use_theme_fonts=&#8221;yes&#8221; el_class=&#8221;titleLarge&#8221;][\/vc_column][\/vc_row][\/vc_section][vc_row css_animation=&#8221;slideInUp&#8221; el_class=&#8221;callToActionBox&#8221; css=&#8221;.vc_custom_1703745337249{background-image: url(https:\/\/congovip.com\/wp-content\/uploads\/2023\/05\/cteBgBlank.png?id=1519) !important;}&#8221;][vc_column][vc_raw_html]JTNDZGl2JTIwY2xhc3MlM0QlMjJjYWxUb0FjdGlvbklubmVyJTIyJTNFJTBBJTIwJTIwJTIwJTIwJTNDZGl2JTIwY2xhc3MlM0QlMjJyaWdodENvbnRlbnRCb3glMjIlM0UlMEElMjAlMjAlMjAlMjAlMjAlMjAlMjAlMjAlM0NoMiUzRSUwQSUyMCUyMENvbmdvVklQJTIwZXN0JTIwZGlzcG9uaWJsZSUzQ2JyJTNFJTIwcG91ciUyMGxlcyUyMGFwcGFyZWlscyUyMGlPUyUyMGV0JTIwQW5kcm9pZC4lMEElMjAlMjAlMjAlMjAlMjAlMjAlMjAlMjAlM0MlMkZoMiUzRSUwQSUyMCUyMCUyMCUyMCUyMCUyMCUyMCUyMCUzQ3AlM0UlMEElMjAlMjBEJUMzJUE5dmVycm91aWxsZXolMjBsZXMlMjByJUMzJUE5c2VydmF0aW9ucyUyMHNhbnMlMjBzdHJlc3MlMkMlMjBwcm9maXRleiUyMGRlcyUyMHNlcnZpY2VzJTIwVklQJTJDJTIwJTIwJTNDYnIlM0VldCUyMGQlQzMlQTljb3V2cmV6JTIwZGVzJTIwb2ZmcmVzJTIwZXQlMjBkZXMlMjByJUMzJUE5ZHVjdGlvbnMlMjBleGNsdXNpdmVzLiUyME1ldHRleiUyMGVuJTIwdmFsZXVyJTIwdm90cmUlMjAlMjAlM0NiciUzRSVDMyVBMCUyMG5vcyUyMG1lbWJyZXMlMjBkJTI3JUMzJUE5bGl0ZSUyQyUyMGVuJTIwY3IlQzMlQTlhbnQlMjBkZXMlMjBsaWVucyUyMHF1aSUyMCUyMCUzQ2JyJTNFJTIwJTIwZCVDMyVBOXZlbG9wcGVyJTIwdW5lJTIwY2xpZW50JUMzJUE4bGUlMjBmaWQlQzMlQThsZSUyMGV0JTIwYmllbiUyMHBsdXMlMjBlbmNvcmUuJTIwQW0lQzMlQTlsaW9yZXolMjB2b3RyZSUyMCUyMCUzQ2JyJTNFJTIwJTIwZGUlMjBsJTI3ZW50cmVwcmlzZSUyQyUyMGRlJTIwY2FwdGl2ZXIlMjBsZXMlMjBjbGllbnRzJTIwZXQlMjBkZSUyMHJlZCVDMyVBOWZpbmlyJTIwbGElMjBjb21tb2RpdCVDMyVBOSUyMCUyMCUzQ2JyJTNFJTIwJTIwLSUyMHRvdXQlMjBlbiUyMHVuJTIwJTIxJTBBJTIwJTIwJTIwJTIwJTIwJTIwJTIwJTIwJTNDJTJGcCUzRSUwQSUyMCUyMCUyMCUyMCUyMCUyMCUyMCUyMCUzQ2RpdiUyMGNsYXNzJTNEJTIyZG93bmxvYWRBY3Rpb24lMjIlM0UlMEElMjAlMjAlMjAlMjAlMjAlMjAlMjAlMjAlMjAlMjAlMjAlMjAlM0NzdHJvbmclM0VUJUMzJUE5bCVDMyVBOWNoYXJnZXolMjBtYWludGVuYW50JTIwc3VyJTNDJTJGc3Ryb25nJTNFJTBBJTIwJTIwJTIwJTIwJTIwJTIwJTIwJTIwJTIwJTIwJTIwJTIwJTNDZGl2JTIwY2xhc3MlM0QlMjJhY3Rpb25CdXR0b25JY29uJTIyJTNFJTBBJTIwJTIwJTIwJTIwJTIwJTIwJTIwJTIwJTIwJTIwJTIwJTIwJTIwJTIwJTIwJTIwJTNDYSUyMGhyZWYlM0QlMjIlMjMlMjIlMjB0YXJnZXQlM0QlMjJfYmxhbmslMjIlMjByZWwlM0QlMjJub29wZW5lciUyMiUzRSUzQ2ltZyUyMHNyYyUzRCUyMmh0dHBzJTNBJTJGJTJGY29uZ292aXAuY29tJTJGd3AtY29udGVudCUyRnVwbG9hZHMlMkYyMDIwJTJGMTElMkZzY29vdGVycmVudGFsLWZvb3Rlci1idG4xLnBuZyUyMiUyMHRhcmdldCUzRCUyMl9ibGFuayUyMiUzRSUzQyUyRmElM0UlMEElMjAlMjAlMjAlMjAlMjAlMjAlMjAlMjAlM0NhJTIwaHJlZiUzRCUyMiUyMyUyMiUzRSUzQ2ltZyUyMHNyYyUzRCUyMmh0dHBzJTNBJTJGJTJGY29uZ292aXAuY29tJTJGd3AtY29udGVudCUyRnVwbG9hZHMlMkYyMDIwJTJGMTElMkZzY29vdGVycmVudGFsLWZvb3Rlci1idG4yLnBuZyUyMiUzRSUzQyUyRmElM0UlMEElMjAlMjAlMjAlMjAlMjAlMjAlMjAlMjAlMjAlMjAlMjAlMjAlM0MlMkZkaXYlM0UlMEElMjAlMjAlMjAlMjAlMjAlMjAlMjAlMjAlM0MlMkZkaXYlM0UlMEElMjAlMjAlMjAlMjAlM0MlMkZkaXYlM0UlMEElM0NkaXYlMjBjbGFzcyUzRCUyMnJpZ2h0SW1nQm94JTIyJTNFJTIwJTNDaW1nJTIwYWx0JTNEJTIyQXBwZWwlMjAlQzMlQTAlMjBsJTI3YWN0aW9uJTIyJTIwc3JjJTNEJTIyaHR0cHMlM0ElMkYlMkZjb25nb3ZpcC5jb20lMkZ3cC1jb250ZW50JTJGdXBsb2FkcyUyRjIwMjMlMkYwNSUyRnNhbGVzSW1nLnBuZyUyMiUzRSUzQyUyRmRpdiUzRSUwQSUzQyUyRmRpdiUzRQ==[\/vc_raw_html][\/vc_column][\/vc_row]<\/p>\n","protected":false},"author":1,"featured_media":0,"parent":0,"menu_order":0,"comment_status":"closed","ping_status":"closed","template":"","meta":{"footnotes":""},"acf":[],"_links":{"self":[{"href":"https:\/\/congovip.com\/fr\/wp-json\/wp\/v2\/pages\/3013"}],"collection":[{"href":"https:\/\/congovip.com\/fr\/wp-json\/wp\/v2\/pages"}],"about":[{"href":"https:\/\/congovip.com\/fr\/wp-json\/wp\/v2\/types\/page"}],"author":[{"embeddable":true,"href":"https:\/\/congovip.com\/fr\/wp-json\/wp\/v2\/users\/1"}],"replies":[{"embeddable":true,"href":"https:\/\/congovip.com\/fr\/wp-json\/wp\/v2\/comments?post=3013"}],"version-history":[{"count":24,"href":"https:\/\/congovip.com\/fr\/wp-json\/wp\/v2\/pages\/3013\/revisions"}],"predecessor-version":[{"id":3226,"href":"https:\/\/congovip.com\/fr\/wp-json\/wp\/v2\/pages\/3013\/revisions\/3226"}],"wp:attachment":[{"href":"https:\/\/congovip.com\/fr\/wp-json\/wp\/v2\/media?parent=3013"}],"curies":[{"name":"wp","href":"https:\/\/api.w.org\/{rel}","templated":true}]}}