{"id":3008,"date":"2023-12-14T14:59:18","date_gmt":"2023-12-14T13:59:18","guid":{"rendered":"https:\/\/congovip.com\/partners\/"},"modified":"2024-03-29T06:30:04","modified_gmt":"2024-03-29T05:30:04","slug":"partners","status":"publish","type":"page","link":"https:\/\/congovip.com\/fr\/partners\/","title":{"rendered":"Partenaires"},"content":{"rendered":"<section class=\"wpb-content-wrapper\"><p>[vc_section][vc_row css_animation=&#8221;fadeInUp&#8221; el_class=&#8221;centerHeadingRow paddingY100&#8243;][vc_column]<div id=\"ultimate-heading-59936a01e01d38862\" class=\"uvc-heading ult-adjust-bottom-margin ultimate-heading-59936a01e01d38862 uvc-4837 headingAndDecription subscription-plan\" data-hspacer=\"no_spacer\"  data-halign=\"center\" style=\"text-align:center\"><div class=\"uvc-heading-spacer no_spacer\" style=\"top\"><\/div><div class=\"uvc-sub-heading ult-responsive\"  data-ultimate-target='.uvc-heading.ultimate-heading-59936a01e01d38862 .uvc-sub-heading '  data-responsive-json-new='{\"font-size\":\"\",\"line-height\":\"\"}'  style=\"font-weight:normal;\">Veuillez s\u00e9lectionner une cat\u00e9gorie pour trouver des offres list\u00e9es par nos partenaires.<\/div><\/div>[\/vc_column][\/vc_row][\/vc_section][vc_section full_width=&#8221;stretch_row&#8221; el_class=&#8221;blackWave&#8221;][vc_row][vc_column][vc_column_text]<div class=\"partner-categories-list\"><div class=\"partner-category-grid\"><div class=\"category-info\"><p class=\"category-name\">Achats<\/p><a href=\"https:\/\/congovip.com\/fr\/categories\/achats-fr\/\" class=\"view-all-button\">View All<\/a><\/div><img decoding=\"async\" src=\"https:\/\/congovip.com\/wp-content\/uploads\/2024\/03\/Retail-Shopping.png\" alt=\"Achats\"><\/div><div class=\"partner-category-grid\"><div class=\"category-info\"><p class=\"category-name\">Activit\u00e9s<\/p><a href=\"https:\/\/congovip.com\/fr\/categories\/activities-fr\/\" class=\"view-all-button\">View All<\/a><\/div><img decoding=\"async\" src=\"https:\/\/congovip.com\/wp-content\/uploads\/2023\/12\/Mask-group.png\" alt=\"Activit\u00e9s\"><\/div><div class=\"partner-category-grid\"><div class=\"category-info\"><p class=\"category-name\">Automobile<\/p><a href=\"https:\/\/congovip.com\/fr\/categories\/automotive-fr\/\" class=\"view-all-button\">View All<\/a><\/div><img decoding=\"async\" src=\"https:\/\/congovip.com\/wp-content\/uploads\/2023\/12\/Mask-group-1.png\" alt=\"Automobile\"><\/div><div class=\"partner-category-grid\"><div class=\"category-info\"><p class=\"category-name\">Divertissement<\/p><a href=\"https:\/\/congovip.com\/fr\/categories\/divertissement-fr\/\" class=\"view-all-button\">View All<\/a><\/div><img decoding=\"async\" src=\"https:\/\/congovip.com\/wp-content\/uploads\/2024\/03\/Nightclub-Bars-1.png\" alt=\"Divertissement\"><\/div><div class=\"partner-category-grid\"><div class=\"category-info\"><p class=\"category-name\">Mode et v\u00eatements<\/p><a href=\"https:\/\/congovip.com\/fr\/categories\/mode-fr\/\" class=\"view-all-button\">View All<\/a><\/div><img decoding=\"async\" src=\"https:\/\/congovip.com\/wp-content\/uploads\/2024\/03\/Fashion-and-Apparel-e1710626846739.png\" alt=\"Mode et v\u00eatements\"><\/div><div class=\"partner-category-grid\"><div class=\"category-info\"><p class=\"category-name\">Restaurants et caf\u00e9s<\/p><a href=\"https:\/\/congovip.com\/fr\/categories\/restaurants-cafes-fr\/\" class=\"view-all-button\">View All<\/a><\/div><img decoding=\"async\" src=\"https:\/\/congovip.com\/wp-content\/uploads\/2024\/03\/Restaurants-Cafes-e1710627443887.png\" alt=\"Restaurants et caf\u00e9s\"><\/div><div class=\"partner-category-grid\"><div class=\"category-info\"><p class=\"category-name\">Sant\u00e9 et sport<\/p><a href=\"https:\/\/congovip.com\/fr\/categories\/sante\/\" class=\"view-all-button\">View All<\/a><\/div><img decoding=\"async\" src=\"https:\/\/congovip.com\/wp-content\/uploads\/2024\/03\/Health-Lifestyle-1-1.png\" alt=\"Sant\u00e9 et sport\"><\/div><div class=\"partner-category-grid\"><div class=\"category-info\"><p class=\"category-name\">Service<\/p><a href=\"https:\/\/congovip.com\/fr\/categories\/service-fr\/\" class=\"view-all-button\">View All<\/a><\/div><img decoding=\"async\" src=\"https:\/\/congovip.com\/wp-content\/uploads\/2024\/03\/Service.png\" alt=\"Service\"><\/div><div class=\"partner-category-grid\"><div class=\"category-info\"><p class=\"category-name\">Voyage et logement<\/p><a href=\"https:\/\/congovip.com\/fr\/categories\/voyage-logement-vacance\/\" class=\"view-all-button\">View All<\/a><\/div><img decoding=\"async\" src=\"https:\/\/congovip.com\/wp-content\/uploads\/2024\/03\/Travel-Accommodation.png\" alt=\"Voyage et logement\"><\/div><\/div><br \/>\n[\/vc_column_text][\/vc_column][\/vc_row][vc_row css_animation=&#8221;slideInUp&#8221; el_class=&#8221;callToActionBox&#8221; css=&#8221;.vc_custom_1703674319288{background-image: url(https:\/\/congovip.com\/wp-content\/uploads\/2023\/05\/cteBgBlank.png?id=1519) !important;}&#8221;][vc_column][vc_raw_html]JTNDZGl2JTIwY2xhc3MlM0QlMjJjYWxUb0FjdGlvbklubmVyJTIyJTNFJTBBJTIwJTIwJTIwJTIwJTNDZGl2JTIwY2xhc3MlM0QlMjJyaWdodENvbnRlbnRCb3glMjIlM0UlMEElMjAlMjAlMjAlMjAlMjAlMjAlMjAlMjAlM0NoMiUzRSUwQSUyMCUyMENvbmdvVklQJTIwZXN0JTIwZGlzcG9uaWJsZSUzQ2JyJTNFJTIwcG91ciUyMGxlcyUyMGFwcGFyZWlscyUyMGlPUyUyMGV0JTIwQW5kcm9pZC4lMEElMjAlMjAlMjAlMjAlMjAlMjAlMjAlMjAlM0MlMkZoMiUzRSUwQSUyMCUyMCUyMCUyMCUyMCUyMCUyMCUyMCUzQ3AlM0UlMEElMjAlMjBEJUMzJUE5dmVycm91aWxsZXolMjBsZXMlMjByJUMzJUE5c2VydmF0aW9ucyUyMHNhbnMlMjBzdHJlc3MlMkMlMjBwcm9maXRleiUyMGRlcyUyMHNlcnZpY2VzJTIwVklQJTJDJTIwJTIwJTNDYnIlM0VldCUyMGQlQzMlQTljb3V2cmV6JTIwZGVzJTIwb2ZmcmVzJTIwZXQlMjBkZXMlMjByJUMzJUE5ZHVjdGlvbnMlMjBleGNsdXNpdmVzLiUyME1ldHRleiUyMGVuJTIwdmFsZXVyJTIwdm90cmUlMjAlMjAlM0NiciUzRSVDMyVBMCUyMG5vcyUyMG1lbWJyZXMlMjBkJTI3JUMzJUE5bGl0ZSUyQyUyMGVuJTIwY3IlQzMlQTlhbnQlMjBkZXMlMjBsaWVucyUyMHF1aSUyMCUyMCUzQ2JyJTNFJTIwJTIwZCVDMyVBOXZlbG9wcGVyJTIwdW5lJTIwY2xpZW50JUMzJUE4bGUlMjBmaWQlQzMlQThsZSUyMGV0JTIwYmllbiUyMHBsdXMlMjBlbmNvcmUuJTIwQW0lQzMlQTlsaW9yZXolMjB2b3RyZSUyMCUyMCUzQ2JyJTNFJTIwJTIwZGUlMjBsJTI3ZW50cmVwcmlzZSUyQyUyMGRlJTIwY2FwdGl2ZXIlMjBsZXMlMjBjbGllbnRzJTIwZXQlMjBkZSUyMHJlZCVDMyVBOWZpbmlyJTIwbGElMjBjb21tb2RpdCVDMyVBOSUyMCUyMCUzQ2JyJTNFJTIwJTIwLSUyMHRvdXQlMjBlbiUyMHVuJTIwJTIxJTBBJTIwJTIwJTIwJTIwJTIwJTIwJTIwJTIwJTNDJTJGcCUzRSUwQSUyMCUyMCUyMCUyMCUyMCUyMCUyMCUyMCUzQ2RpdiUyMGNsYXNzJTNEJTIyZG93bmxvYWRBY3Rpb24lMjIlM0UlMEElMjAlMjAlMjAlMjAlMjAlMjAlMjAlMjAlMjAlMjAlMjAlMjAlM0NzdHJvbmclM0VUJUMzJUE5bCVDMyVBOWNoYXJnZXIlMjBOb3clMjBPbiUzQyUyRnN0cm9uZyUzRSUwQSUyMCUyMCUyMCUyMCUyMCUyMCUyMCUyMCUyMCUyMCUyMCUyMCUzQ2RpdiUyMGNsYXNzJTNEJTIyYWN0aW9uQnV0dG9uSWNvbiUyMiUzRSUwQSUyMCUyMCUyMCUyMCUyMCUyMCUyMCUyMCUyMCUyMCUyMCUyMCUyMCUyMCUyMCUyMCUzQ2ElMjBocmVmJTNEJTIyJTIzJTIyJTIwdGFyZ2V0JTNEJTIyX2JsYW5rJTIyJTIwcmVsJTNEJTIybm9vcGVuZXIlMjIlM0UlM0NpbWclMjBzcmMlM0QlMjJodHRwcyUzQSUyRiUyRmNvbmdvdmlwLmNvbSUyRndwLWNvbnRlbnQlMkZ1cGxvYWRzJTJGMjAyMCUyRjExJTJGc2Nvb3RlcnJlbnRhbC1mb290ZXItYnRuMS5wbmclMjIlMjB0YXJnZXQlM0QlMjJfYmxhbmslMjIlM0UlM0MlMkZhJTNFJTBBJTIwJTIwJTIwJTIwJTIwJTIwJTIwJTIwJTNDYSUyMGhyZWYlM0QlMjIlMjMlMjIlM0UlM0NpbWclMjBzcmMlM0QlMjJodHRwcyUzQSUyRiUyRmNvbmdvdmlwLmNvbSUyRndwLWNvbnRlbnQlMkZ1cGxvYWRzJTJGMjAyMCUyRjExJTJGc2Nvb3RlcnJlbnRhbC1mb290ZXItYnRuMi5wbmclMjIlM0UlM0MlMkZhJTNFJTBBJTIwJTIwJTIwJTIwJTIwJTIwJTIwJTIwJTIwJTIwJTIwJTIwJTNDJTJGZGl2JTNFJTBBJTIwJTIwJTIwJTIwJTIwJTIwJTIwJTIwJTNDJTJGZGl2JTNFJTBBJTIwJTIwJTIwJTIwJTNDJTJGZGl2JTNFJTBBJTNDZGl2JTIwY2xhc3MlM0QlMjJyaWdodEltZ0JveCUyMiUzRSUyMCUzQ2ltZyUyMGFsdCUzRCUyMkFwcGVsJTIwJUMzJUEwJTIwbCUyN2FjdGlvbiUyMiUyMHNyYyUzRCUyMmh0dHBzJTNBJTJGJTJGY29uZ292aXAuY29tJTJGd3AtY29udGVudCUyRnVwbG9hZHMlMkYyMDIzJTJGMDUlMkZzYWxlc0ltZy5wbmclMjIlM0UlM0MlMkZkaXYlM0UlMEElM0MlMkZkaXYlM0U=[\/vc_raw_html][\/vc_column][\/vc_row][\/vc_section]<\/p>\n<\/section>","protected":false},"excerpt":{"rendered":"<p>[vc_section][vc_row css_animation=&#8221;fadeInUp&#8221; el_class=&#8221;centerHeadingRow paddingY100&#8243;][vc_column][\/vc_column][\/vc_row][\/vc_section][vc_section full_width=&#8221;stretch_row&#8221; el_class=&#8221;blackWave&#8221;][vc_row][vc_column][vc_column_text] [\/vc_column_text][\/vc_column][\/vc_row][vc_row css_animation=&#8221;slideInUp&#8221; el_class=&#8221;callToActionBox&#8221; css=&#8221;.vc_custom_1703674319288{background-image: url(https:\/\/congovip.com\/wp-content\/uploads\/2023\/05\/cteBgBlank.png?id=1519) !important;}&#8221;][vc_column][vc_raw_html]JTNDZGl2JTIwY2xhc3MlM0QlMjJjYWxUb0FjdGlvbklubmVyJTIyJTNFJTBBJTIwJTIwJTIwJTIwJTNDZGl2JTIwY2xhc3MlM0QlMjJyaWdodENvbnRlbnRCb3glMjIlM0UlMEElMjAlMjAlMjAlMjAlMjAlMjAlMjAlMjAlM0NoMiUzRSUwQSUyMCUyMENvbmdvVklQJTIwZXN0JTIwZGlzcG9uaWJsZSUzQ2JyJTNFJTIwcG91ciUyMGxlcyUyMGFwcGFyZWlscyUyMGlPUyUyMGV0JTIwQW5kcm9pZC4lMEElMjAlMjAlMjAlMjAlMjAlMjAlMjAlMjAlM0MlMkZoMiUzRSUwQSUyMCUyMCUyMCUyMCUyMCUyMCUyMCUyMCUzQ3AlM0UlMEElMjAlMjBEJUMzJUE5dmVycm91aWxsZXolMjBsZXMlMjByJUMzJUE5c2VydmF0aW9ucyUyMHNhbnMlMjBzdHJlc3MlMkMlMjBwcm9maXRleiUyMGRlcyUyMHNlcnZpY2VzJTIwVklQJTJDJTIwJTIwJTNDYnIlM0VldCUyMGQlQzMlQTljb3V2cmV6JTIwZGVzJTIwb2ZmcmVzJTIwZXQlMjBkZXMlMjByJUMzJUE5ZHVjdGlvbnMlMjBleGNsdXNpdmVzLiUyME1ldHRleiUyMGVuJTIwdmFsZXVyJTIwdm90cmUlMjAlMjAlM0NiciUzRSVDMyVBMCUyMG5vcyUyMG1lbWJyZXMlMjBkJTI3JUMzJUE5bGl0ZSUyQyUyMGVuJTIwY3IlQzMlQTlhbnQlMjBkZXMlMjBsaWVucyUyMHF1aSUyMCUyMCUzQ2JyJTNFJTIwJTIwZCVDMyVBOXZlbG9wcGVyJTIwdW5lJTIwY2xpZW50JUMzJUE4bGUlMjBmaWQlQzMlQThsZSUyMGV0JTIwYmllbiUyMHBsdXMlMjBlbmNvcmUuJTIwQW0lQzMlQTlsaW9yZXolMjB2b3RyZSUyMCUyMCUzQ2JyJTNFJTIwJTIwZGUlMjBsJTI3ZW50cmVwcmlzZSUyQyUyMGRlJTIwY2FwdGl2ZXIlMjBsZXMlMjBjbGllbnRzJTIwZXQlMjBkZSUyMHJlZCVDMyVBOWZpbmlyJTIwbGElMjBjb21tb2RpdCVDMyVBOSUyMCUyMCUzQ2JyJTNFJTIwJTIwLSUyMHRvdXQlMjBlbiUyMHVuJTIwJTIxJTBBJTIwJTIwJTIwJTIwJTIwJTIwJTIwJTIwJTNDJTJGcCUzRSUwQSUyMCUyMCUyMCUyMCUyMCUyMCUyMCUyMCUzQ2RpdiUyMGNsYXNzJTNEJTIyZG93bmxvYWRBY3Rpb24lMjIlM0UlMEElMjAlMjAlMjAlMjAlMjAlMjAlMjAlMjAlMjAlMjAlMjAlMjAlM0NzdHJvbmclM0VUJUMzJUE5bCVDMyVBOWNoYXJnZXIlMjBOb3clMjBPbiUzQyUyRnN0cm9uZyUzRSUwQSUyMCUyMCUyMCUyMCUyMCUyMCUyMCUyMCUyMCUyMCUyMCUyMCUzQ2RpdiUyMGNsYXNzJTNEJTIyYWN0aW9uQnV0dG9uSWNvbiUyMiUzRSUwQSUyMCUyMCUyMCUyMCUyMCUyMCUyMCUyMCUyMCUyMCUyMCUyMCUyMCUyMCUyMCUyMCUzQ2ElMjBocmVmJTNEJTIyJTIzJTIyJTIwdGFyZ2V0JTNEJTIyX2JsYW5rJTIyJTIwcmVsJTNEJTIybm9vcGVuZXIlMjIlM0UlM0NpbWclMjBzcmMlM0QlMjJodHRwcyUzQSUyRiUyRmNvbmdvdmlwLmNvbSUyRndwLWNvbnRlbnQlMkZ1cGxvYWRzJTJGMjAyMCUyRjExJTJGc2Nvb3RlcnJlbnRhbC1mb290ZXItYnRuMS5wbmclMjIlMjB0YXJnZXQlM0QlMjJfYmxhbmslMjIlM0UlM0MlMkZhJTNFJTBBJTIwJTIwJTIwJTIwJTIwJTIwJTIwJTIwJTNDYSUyMGhyZWYlM0QlMjIlMjMlMjIlM0UlM0NpbWclMjBzcmMlM0QlMjJodHRwcyUzQSUyRiUyRmNvbmdvdmlwLmNvbSUyRndwLWNvbnRlbnQlMkZ1cGxvYWRzJTJGMjAyMCUyRjExJTJGc2Nvb3RlcnJlbnRhbC1mb290ZXItYnRuMi5wbmclMjIlM0UlM0MlMkZhJTNFJTBBJTIwJTIwJTIwJTIwJTIwJTIwJTIwJTIwJTIwJTIwJTIwJTIwJTNDJTJGZGl2JTNFJTBBJTIwJTIwJTIwJTIwJTIwJTIwJTIwJTIwJTNDJTJGZGl2JTNFJTBBJTIwJTIwJTIwJTIwJTNDJTJGZGl2JTNFJTBBJTNDZGl2JTIwY2xhc3MlM0QlMjJyaWdodEltZ0JveCUyMiUzRSUyMCUzQ2ltZyUyMGFsdCUzRCUyMkFwcGVsJTIwJUMzJUEwJTIwbCUyN2FjdGlvbiUyMiUyMHNyYyUzRCUyMmh0dHBzJTNBJTJGJTJGY29uZ292aXAuY29tJTJGd3AtY29udGVudCUyRnVwbG9hZHMlMkYyMDIzJTJGMDUlMkZzYWxlc0ltZy5wbmclMjIlM0UlM0MlMkZkaXYlM0UlMEElM0MlMkZkaXYlM0U=[\/vc_raw_html][\/vc_column][\/vc_row][\/vc_section]<\/p>\n","protected":false},"author":1,"featured_media":0,"parent":0,"menu_order":0,"comment_status":"closed","ping_status":"closed","template":"","meta":{"footnotes":""},"acf":[],"_links":{"self":[{"href":"https:\/\/congovip.com\/fr\/wp-json\/wp\/v2\/pages\/3008"}],"collection":[{"href":"https:\/\/congovip.com\/fr\/wp-json\/wp\/v2\/pages"}],"about":[{"href":"https:\/\/congovip.com\/fr\/wp-json\/wp\/v2\/types\/page"}],"author":[{"embeddable":true,"href":"https:\/\/congovip.com\/fr\/wp-json\/wp\/v2\/users\/1"}],"replies":[{"embeddable":true,"href":"https:\/\/congovip.com\/fr\/wp-json\/wp\/v2\/comments?post=3008"}],"version-history":[{"count":13,"href":"https:\/\/congovip.com\/fr\/wp-json\/wp\/v2\/pages\/3008\/revisions"}],"predecessor-version":[{"id":3223,"href":"https:\/\/congovip.com\/fr\/wp-json\/wp\/v2\/pages\/3008\/revisions\/3223"}],"wp:attachment":[{"href":"https:\/\/congovip.com\/fr\/wp-json\/wp\/v2\/media?parent=3008"}],"curies":[{"name":"wp","href":"https:\/\/api.w.org\/{rel}","templated":true}]}}